{"id":3797,"date":"2018-09-28T11:18:32","date_gmt":"2018-09-28T09:18:32","guid":{"rendered":"https:\/\/ecologroen10602024.ecolo.me\/?page_id=3797"},"modified":"2025-02-11T18:09:04","modified_gmt":"2025-02-11T17:09:04","slug":"dominique-boon","status":"publish","type":"page","link":"https:\/\/ecologroen1060.brussels\/nl\/dominique-boon","title":{"rendered":"(Fran\u00e7ais) Dominique Boon"},"content":{"rendered":"<p>[et_pb_section fb_built=&#8221;1&#8243; fullwidth=&#8221;on&#8221; _builder_version=&#8221;4.16&#8243; global_colors_info=&#8221;{}&#8221;][et_pb_fullwidth_image src=&#8221;https:\/\/ecologroen10602024.ecolo.me\/wp-content\/uploads\/sites\/434\/2018\/09\/29-Dominique.jpg&#8221; _builder_version=&#8221;4.16&#8243; global_colors_info=&#8221;{}&#8221;][\/et_pb_fullwidth_image][\/et_pb_section][et_pb_section fb_built=&#8221;1&#8243; _builder_version=&#8221;4.16&#8243; global_colors_info=&#8221;{}&#8221;][et_pb_row _builder_version=&#8221;4.16&#8243; background_size=&#8221;initial&#8221; background_position=&#8221;top_left&#8221; background_repeat=&#8221;repeat&#8221; global_colors_info=&#8221;{}&#8221; column_structure=&#8221;1_3,2_3&#8243;][et_pb_column type=&#8221;1_3&#8243; _builder_version=&#8221;4.16&#8243; custom_padding=&#8221;|||&#8221; global_colors_info=&#8221;{}&#8221; custom_padding__hover=&#8221;|||&#8221;][et_pb_text _builder_version=&#8221;4.27.4&#8243; hover_enabled=&#8221;0&#8243; global_colors_info=&#8221;{}&#8221; admin_label=&#8221;Text&#8221; sticky_enabled=&#8221;0&#8243;]<\/p>\n<p><strong>Nom:<\/strong> Dominique Boon<\/p>\n<p><strong>\u00c2ge<\/strong>: 52<\/p>\n<p><strong>Quartier o\u00f9 tu vis:<\/strong> Quartier Dillens \/ 6 coins<\/p>\n<p><strong>Ta profession \/ ton occupation principale:<\/strong> Graphiste<\/p>\n<p>[\/et_pb_text][et_pb_image src=&#8221;https:\/\/ecologroen10602024.ecolo.me\/wp-content\/uploads\/sites\/434\/2018\/09\/29__Dominique1.jpg&#8221; align_tablet=&#8221;center&#8221; align_last_edited=&#8221;on|desktop&#8221; _builder_version=&#8221;4.16&#8243; global_colors_info=&#8221;{}&#8221; align_phone=&#8221;center&#8221;][\/et_pb_image][\/et_pb_column][et_pb_column type=&#8221;2_3&#8243; _builder_version=&#8221;4.16&#8243; custom_padding=&#8221;|||&#8221; global_colors_info=&#8221;{}&#8221; custom_padding__hover=&#8221;|||&#8221;][et_pb_text _builder_version=&#8221;4.27.4&#8243; hover_enabled=&#8221;0&#8243; global_colors_info=&#8221;{}&#8221; sticky_enabled=&#8221;0&#8243;]<\/p>\n<h3>Depuis quand habites-tu \u00e0 saint-gilles, et pour quelle(s) raison(s) as-tu choisi cette commune ?<\/h3>\n<p>Je suis arriv\u00e9e \u00e0 Saint-Gilles pendant mes \u00e9tudes, dans un kot communautaire. C&#8217;\u00e9tait quelque part vers 1986\/1987. Je n&#8217;ai plus quitt\u00e9 la commune depuis.<\/p>\n<h3>Parle-nous de ton quartier : qu&#8217;est-ce que tu y appr\u00e9cies, qu&#8217;est-ce qui devrait \u00eatre chang\u00e9\/am\u00e9lior\u00e9 ?<\/h3>\n<p>C&#8217;est le quartier que j&#8217;ai habit\u00e9 en arrivant \u00e0 Saint-Gilles. J&#8217;ai aussi habit\u00e9 3 ans rue de Parme.<br \/>J&#8217;ai toujours appr\u00e9ci\u00e9 le c\u00f4t\u00e9 &#8221; artiste &#8221; du quartier, on y croise plein d&#8217;artistes ou de cr\u00e9atifs de tout poil et j&#8217;aime cela.<\/p>\n<h3>Pourquoi te pr\u00e9sentes-tu sur la liste Ecolo-Groen ?<\/h3>\n<p>Je suis entr\u00e9e \u00e0 la locale juste apr\u00e8s la grosse d\u00e9faite de 2003. C&#8217;\u00e9tait ma mani\u00e8re de soutenir un parti qui &#8211; je trouvais &#8211; avais raison 20 ans avant tout le monde ! Je suis toujours rest\u00e9e fid\u00e8le \u00e0 la locale m\u00eame si dans les faits, rester active \u00e9tait incompatible avec mon emploi du temps de freelance.<br \/>Pour moi, \u00c9colo a deux principales qualit\u00e9s : c&#8217;est le seul parti qui a une vision sur le long terme et qui bosse au-del\u00e0 des clivages linguistiques.<\/p>\n<p><strong>Pourquoi m&#8217;engager ?<\/strong><br \/>Parce que le &#8221; savoir vivre ensemble &#8221; et la tol\u00e9rance sont \u00e0 cultiver aujourd&#8217;hui plus que jamais. Et ce, \u00e0 tous les niveaux. Parce que ce que j&#8217;aime dans cette commune, ce sont ces rencontres parfois improbables, inopin\u00e9es et toujours conviviales, cette fa\u00e7on de croiser les cultures, les styles. La multiculturalit\u00e9 fonctionne mieux \u00e0 Saint-Gilles qu&#8217;ailleurs et cette valeur, je veux la pr\u00e9server.<br \/>Et enfin parce que je me pr\u00e9occupe du sort des petits ind\u00e9pendants qui traversent des difficult\u00e9s. M\u00eame si, a priori, cette mati\u00e8re n&#8217;est pas communale, j&#8217;ai envie de mettre des aides en place.<\/p>\n<h3>Tu deviens bourgmestre demain : quelle est ta premi\u00e8re d\u00e9cision ?<\/h3>\n<p>Je prends 2 d\u00e9cisions tout de suite :<br \/>Je mets en place des outils pour cr\u00e9er une \u00e9ducation \u00e0 la propret\u00e9 et \u00e0 la courtoisie dans l&#8217;espace public ;<br \/>Je cherche les moyens et les id\u00e9es pour r\u00e9duire la pollution sonore et les trop nombreuses pimponneries\u2026 pas toujours n\u00e9cessaires.<\/p>\n<h3>\u00c0 Saint-Gilles, on peut te croiser\u2026<\/h3>\n<p>\u00c0 la piscine et le samedi midi au Parvis<\/p>\n<h3>Comment peut-on te contacter ?<\/h3>\n<p>Par mail: <a href=\"m&#97;&#105;&#x6c;&#x74;o&#58;&#99;&#x6f;&#x6e;&#x74;a&#99;&#116;&#x40;&#x64;om&#105;&#x6e;&#x69;&#x71;u&#101;&#98;&#x6f;&#x6f;n&#46;&#98;&#x65;\" target=\"_blank\" rel=\"noopener\"><span dir=\"ltr\">&#99;o&#110;t&#97;c&#x74;&#64;&#x64;o&#x6d;i&#x6e;i&#x71;u&#x65;b&#x6f;o&#x6e;&#46;&#x62;e<\/span><\/a>, par tel <span dir=\"ltr\">0497 16 87 00\u00a0<\/span>essentiellement.<\/p>\n<p>[\/et_pb_text][\/et_pb_column][\/et_pb_row][\/et_pb_section][et_pb_section fb_built=&#8221;1&#8243; theme_builder_area=&#8221;post_content&#8221; _builder_version=&#8221;4.27.4&#8243; _module_preset=&#8221;default&#8221;][et_pb_row _builder_version=&#8221;4.27.4&#8243; _module_preset=&#8221;default&#8221; theme_builder_area=&#8221;post_content&#8221;][et_pb_column _builder_version=&#8221;4.27.4&#8243; _module_preset=&#8221;default&#8221; theme_builder_area=&#8221;post_content&#8221;][:fr _i=&#8221;0&#8243; _address=&#8221;0&#8243; theme_builder_area=&#8221;post_content&#8221; \/][: _i=&#8221;3&#8243; _address=&#8221;3&#8243; theme_builder_area=&#8221;post_content&#8221; \/][\/et_pb_column][\/et_pb_row][\/et_pb_section]<\/p>\n","protected":false},"excerpt":{"rendered":"<p>Nom: Dominique Boon \u00c2ge: 52 Quartier o\u00f9 tu vis:&#8230;<\/p>\n","protected":false},"author":1424,"featured_media":3743,"parent":0,"menu_order":404,"comment_status":"closed","ping_status":"closed","template":"","meta":{"_acf_changed":false,"_et_pb_use_builder":"on","_et_pb_old_content":"","_et_gb_content_width":"","footnotes":""},"class_list":["post-3797","page","type-page","status-publish","has-post-thumbnail","hentry"],"acf":[],"_links":{"self":[{"href":"https:\/\/ecologroen1060.brussels\/nl\/wp-json\/wp\/v2\/pages\/3797","targetHints":{"allow":["GET"]}}],"collection":[{"href":"https:\/\/ecologroen1060.brussels\/nl\/wp-json\/wp\/v2\/pages"}],"about":[{"href":"https:\/\/ecologroen1060.brussels\/nl\/wp-json\/wp\/v2\/types\/page"}],"author":[{"embeddable":true,"href":"https:\/\/ecologroen1060.brussels\/nl\/wp-json\/wp\/v2\/users\/1424"}],"replies":[{"embeddable":true,"href":"https:\/\/ecologroen1060.brussels\/nl\/wp-json\/wp\/v2\/comments?post=3797"}],"version-history":[{"count":2,"href":"https:\/\/ecologroen1060.brussels\/nl\/wp-json\/wp\/v2\/pages\/3797\/revisions"}],"predecessor-version":[{"id":5372,"href":"https:\/\/ecologroen1060.brussels\/nl\/wp-json\/wp\/v2\/pages\/3797\/revisions\/5372"}],"wp:featuredmedia":[{"embeddable":true,"href":"https:\/\/ecologroen1060.brussels\/nl\/wp-json\/wp\/v2\/media\/3743"}],"wp:attachment":[{"href":"https:\/\/ecologroen1060.brussels\/nl\/wp-json\/wp\/v2\/media?parent=3797"}],"curies":[{"name":"wp","href":"https:\/\/api.w.org\/{rel}","templated":true}]}}